{"id":19,"date":"2016-02-18T09:17:10","date_gmt":"2016-02-18T09:17:10","guid":{"rendered":"http:\/\/www.weissensteintunnel.ch\/de\/?page_id=19"},"modified":"2017-01-30T15:08:18","modified_gmt":"2017-01-30T14:08:18","slug":"helfen","status":"publish","type":"page","link":"https:\/\/www.weissensteintunnel.ch\/de\/helfen\/","title":{"rendered":"So k\u00f6nnen Sie helfen"},"content":{"rendered":"<h1>Alle k\u00f6nnen helfen, die Weichen richtig zu stellen<\/h1>\n<p>Die Zukunft des Weissensteintunnels liegt auch in Ihren H\u00e4nden. Sie k\u00f6nnen in Ihrem Alltag ganz einfach dazu beitragen, dass der Tunnel nicht geschlossen wird: Nutzen Sie die Eisenbahnlinie Solothurn \u2013 Moutier so oft wie m\u00f6glich. Und machen Sie Ihren Bekannten einen Ausflug mit dem Zug in die Gegend schmackhaft. Es lohnt sich in doppelter Hinsicht. Je nachdem, was Sie suchen, verbringen Sie aufregende, schweisstreibende, vergn\u00fcgliche, lehrreiche oder entspannende Stunden inmitten der einmaligen Juralandschaft \u2013 und tragen gleichzeitig dazu bei, zugkr\u00e4ftige Argumente zu schaffen, den Weissensteintunnel zu sanieren.<\/p>\n<p><strong>Inspiration und Ausflugstipps finden Sie hier:<\/strong><br \/>\n<a href=\"http:\/\/www.myswitzerland.com\" target=\"_blank\">Schweiz Tourismus<\/a><br \/>\n<a href=\"http:\/\/www.kantonsolothurntourismus.ch\" target=\"_blank\">Kanton Solothurn Tourismus<\/a><br \/>\n<a href=\"http:\/\/www.jurabernois.ch\" target=\"_blank\">Berner Jura<\/a><br \/>\n<a href=\"http:\/\/www.juratourisme.ch\" target=\"_blank\">Jurassischer Jura<\/a><br \/>\n<a href=\"http:\/\/www.baselland-tourismus.ch\" target=\"_blank\">Baselland Tourismus<\/a><br \/>\n<a href=\"http:\/\/www.solothurn-city.ch\" target=\"_blank\">Region Solothurn Tourismus<\/a><br \/>\n<a href=\"http:\/\/www.naturparkthal.ch\" target=\"_blank\">Naturpark Thal<\/a><br \/>\n<a href=\"http:\/\/www.oltentourismus.ch\" target=\"_blank\">Region Olten Tourismus<\/a><br \/>\n<a href=\"http:\/\/www.schwarzbubenland.info\" target=\"_blank\">Schwarzbubenland Tourismus<\/a><br \/>\n<a href=\"http:\/\/www.seilbahn-weissenstein.ch\" target=\"_blank\">Seilbahn Weissenstein AG<\/a><br \/>\n<a href=\"http:\/\/www.tunnelkino.ch\" target=\"_blank\">Tunnelkino<\/a><\/p>\n<p>Unterst\u00fctzen k\u00f6nnen Sie das Komitee \u00abWeissensteintunnel erhalten\u00bb auch mit Ihrem pers\u00f6nlichen Engagement. Haben Sie eine Idee, wie auf das Thema aufmerksam gemacht oder die Fahrgastfrequenz gesteigert werden kann? Melden Sie sich bei uns \u2013 sei diese auch noch so ausgefallen. Wir h\u00f6ren zu. Und packen, wenns passt, mit an.<\/p>\n<p>Ebenso k\u00f6nnen Sie das Komitee \u00abWeissensteintunnel erhalten\u00bb auch finanziell unterst\u00fctzen. Alle Angaben hierzu finden Sie <a href=\"http:\/\/www.weissensteintunnel.ch\/de\/komitee\/\">hier<\/a>.<\/p>\n","protected":false},"excerpt":{"rendered":"<p>Alle k\u00f6nnen helfen, die Weichen richtig zu stellen Die Zukunft des Weissensteintunnels liegt auch in Ihren H\u00e4nden. Sie k\u00f6nnen in Ihrem Alltag ganz einfach dazu\u2026<\/p>\n<p class=\"continue-reading-button\"> <a class=\"continue-reading-link\" href=\"https:\/\/www.weissensteintunnel.ch\/de\/helfen\/\">Weiter\u2026<i class=\"crycon-right-dir\"><\/i><\/a><\/p>\n","protected":false},"author":1,"featured_media":283,"parent":0,"menu_order":50,"comment_status":"closed","ping_status":"closed","template":"","meta":[],"_links":{"self":[{"href":"https:\/\/www.weissensteintunnel.ch\/de\/wp-json\/wp\/v2\/pages\/19"}],"collection":[{"href":"https:\/\/www.weissensteintunnel.ch\/de\/wp-json\/wp\/v2\/pages"}],"about":[{"href":"https:\/\/www.weissensteintunnel.ch\/de\/wp-json\/wp\/v2\/types\/page"}],"author":[{"embeddable":true,"href":"https:\/\/www.weissensteintunnel.ch\/de\/wp-json\/wp\/v2\/users\/1"}],"replies":[{"embeddable":true,"href":"https:\/\/www.weissensteintunnel.ch\/de\/wp-json\/wp\/v2\/comments?post=19"}],"version-history":[{"count":10,"href":"https:\/\/www.weissensteintunnel.ch\/de\/wp-json\/wp\/v2\/pages\/19\/revisions"}],"predecessor-version":[{"id":398,"href":"https:\/\/www.weissensteintunnel.ch\/de\/wp-json\/wp\/v2\/pages\/19\/revisions\/398"}],"wp:featuredmedia":[{"embeddable":true,"href":"https:\/\/www.weissensteintunnel.ch\/de\/wp-json\/wp\/v2\/media\/283"}],"wp:attachment":[{"href":"https:\/\/www.weissensteintunnel.ch\/de\/wp-json\/wp\/v2\/media?parent=19"}],"curies":[{"name":"wp","href":"https:\/\/api.w.org\/{rel}","templated":true}]}}