{"id":15,"date":"2016-02-18T09:16:37","date_gmt":"2016-02-18T09:16:37","guid":{"rendered":"http:\/\/www.weissensteintunnel.ch\/de\/?page_id=15"},"modified":"2017-02-24T09:31:30","modified_gmt":"2017-02-24T08:31:30","slug":"komitee","status":"publish","type":"page","link":"https:\/\/www.weissensteintunnel.ch\/de\/komitee\/","title":{"rendered":"Das Komitee"},"content":{"rendered":"<h1>Komitee bedient die Stellwerkhebel<\/h1>\n<p>Das Komitee \u00abWeisseinsteintunnel erhalten\u00bb wehrt sich auf konstruktive Weise gegen die Schliessung des Tunnels. Das tut es etwa, indem es koordinierte Aktionen organisiert, die aufs Thema aufmerksam machen. Indem es die Leute aus den betroffenen Regionen vernetzt und die Entscheidungstr\u00e4ger an einen Tisch bringt. Indem es politische Vorst\u00f6sse lanciert. Oder indem es Einheimische und \u00adTouristen anregt, die Strecke zu nutzen.<\/p>\n<p>Sie k\u00f6nnen das Komitee, das von Nationalrat Stefan M\u00fcller-Altermatt pr\u00e4sidiert wird, mit einem Beitritt, einer Spende oder Ihrem \u00adpers\u00f6nlichen Engagement unterst\u00fctzen. Nehmen Sie mit uns Kontakt auf:<\/p>\n<p>Komitee \u00abWeissensteintunnel erhalten\u00bb<br \/>\nSekretariat c\/o Gemeinde Welschenrohr<br \/>\nHauptstrasse 550<br \/>\n4716 Welschenrohr<br \/>\n032\u2009639\u200950\u200950<br \/>\n<a href=\"\/\"  class=\"mailcrypt\">info<span><span>\u2202<\/span><\/span>weissensteintunnel.ch<\/a><\/p>\n<p>Bankverbindung f\u00fcr Spenden: IBAN CH65\u20098093\u20090000\u20090021\u20094788\u20093<br \/>\nPC 46-1211-6, Einzahlung f\u00fcr Raiffeisenbank Balsthal-Laupersdorf,<br \/>\nzu Gunsten von Verein Region Thal, H\u00f6lzlistrasse 57, 4710 Balsthal.<\/p>\n<hr \/>\n<h2>Steuerungsgruppe<\/h2>\n<p><strong>Vorsitz:<\/strong><br \/>\nWalter Straumann, alt Regierungsrat<br \/>\nStefan Mu\u0308ller-Altermatt, Nationalrat\/Gemeindepr\u00e4sident Herbetswil<\/p>\n<p><strong>Mitglieder:<\/strong><br \/>\nEduard J. Belser, Egerkingen<br \/>\nStephan Berger, Vorsteher Oberamt Thal-G\u00e4u<br \/>\nDaniel Cattin, Lommiswil<br \/>\nJean-Claude Chevalier, Maire Cr\u00e9mines<br \/>\nJean-Jacques Cl\u00e9mencon, Conseil Municipal Moutier<br \/>\nUeli Custer, Gemeinderat Lommiswil<br \/>\nRosmarie Heiniger, Gemeindepr\u00e4sidentin G\u00e4nsbrunnen<br \/>\nJu\u0308rgen Hofer, Region Solothurn Tourismus<br \/>\nErnst Lanz, G\u00e4nsbrunnen<br \/>\nPierino Menna, Gemeinderat Balsthal<br \/>\nWolfgang Niklaus, chilimedia GmbH, Olten<br \/>\nErika Pfeiffer, Gemeindepr\u00e4sidentin Lommiswil<br \/>\nStefan Schneider, Gemeindepr\u00e4sident Welschenrohr<br \/>\nKonrad Stuber, Seilbahn Weissenstein<br \/>\nBernhard Studer, Gesch\u00e4ftsfu\u0308hrer Region Thal<br \/>\nCharly Zimmermann, Tunnelkino<\/p>\n<hr \/>\n<h2>Spenden<\/h2>\n<p>Folgende Spender haben das Komitee \u00abWeissensteintunnel erhalten\u00bb mit 200 Franken oder mehr unterst\u00fctzt. Vielen herzlichen Dank! Selbstverst\u00e4ndlich ben\u00f6tigen wir weiterhin Mittel f\u00fcr unser Engagement zum Erhalt des Tunnels. Jede Spende \u2013 auch kleine Betr\u00e4ge \u2013 ist sehr willkommen.<\/p>\n<p>Kanton Solothurn Tourismus<br \/>\nVerein Tunnelkino<br \/>\nVerein Region Thal<br \/>\nVCS<\/p>\n<p>Blumen-Deco Buntspecht Tschan, 4717 M\u00fcmliswil<br \/>\nB\u00fcrgergemeinde Welschenrohr, 4716 Welschenrohr<br \/>\nChemvalve-Schmid AG, 4716 Welschenrohr<br \/>\nCommunes de Cr\u00e9mines, 2746 Cr\u00e9mines<br \/>\nEinwohnergemeinde Balsthal, 4710 Balsthal<br \/>\nEinwohnergemeinde Bolken, 4556 Bolken<br \/>\nEinwohnergemeinde Dornach, 4143 Dornach<br \/>\nEinwohnergemeinde Etziken, 4554 Etziken<br \/>\nEinwohnergemeinde Holderbank, 4718 Holderbank<br \/>\nEinwohnergemeinde Langendorf, 4513 Langendorf<br \/>\nEinwohnergemeinde Recherswil, 4565 Recherswil<br \/>\nEinwohnergemeinde Solothurn, 4502 Solothurn<br \/>\nEinwohnergemeinde Subingen, 4553 Subingen<br \/>\nEinwohnergemeinde Welschenrohr, 4716 Welschenrohr<br \/>\nGemeinde Aedermannsdorf, 4714 Aedermannsdorf<br \/>\nGemeinde Balm, 4525 Balm bei G\u00fcnsberg<br \/>\nGemeinde Biberist, 4562 Biberist<br \/>\nGemeinde Feldbrunnen, 4532 Feldbrunnen<br \/>\nGemeinde G\u00e4nsbrunnen, 4716 Welschenrohr<br \/>\nGemeindeverwaltung Herbetswil, 4715 Herbetswil<br \/>\nGemeinde Matzendorf, 4713 Matzendorf<br \/>\nGemeindeverwaltung Matzendorf, 4713 Matzendorf<br \/>\nGemeindeverwaltung Oberdorf, 4515 Oberdorf<br \/>\nGewerbeverein Thal, 4712 Laupersdorf<br \/>\nGrico Group AG, 4716 Welschenrohr<br \/>\nIgoeffa, Ruedi Heutschi, 4614 H\u00e4gendorf<br \/>\nKobel Markus, 4526 Oberbuchsiten<br \/>\nPostAuto Schweiz AG, 3030 Bern<br \/>\nPro Bahn NWCH, 4410 Liestal<br \/>\nPro natura Solothurn, Soloth. Naturschutzverband, 4502 Solothurn<br \/>\nRegionalplanungsgruppe Solothurn und Umgebung (RSU), 4571 L\u00fcterkofen<br \/>\nRestaurant Oberd\u00f6rfer, 4716 G\u00e4nsbrunnen<br \/>\nSozialdemokratische Partei des Kantons Solothurn, 4500 Solothurn<br \/>\nStadt Grenchen, 2540 Grenchen<br \/>\nStiftung Robert und Marcelle Strueby-Fertig, 4500 Solothurn<br \/>\nVCS Verkehrs-Club der Schweiz, Sektion Solothurn, 4500 Solothurn<br \/>\nVille de Moutier, 2740 Moutier<br \/>\nVogt-Arnold Hugo, 4717 Aedermannsdorf<\/p>\n","protected":false},"excerpt":{"rendered":"<p>Komitee bedient die Stellwerkhebel Das Komitee \u00abWeisseinsteintunnel erhalten\u00bb wehrt sich auf konstruktive Weise gegen die Schliessung des Tunnels. Das tut es etwa, indem es koordinierte\u2026<\/p>\n<p class=\"continue-reading-button\"> <a class=\"continue-reading-link\" href=\"https:\/\/www.weissensteintunnel.ch\/de\/komitee\/\">Weiter\u2026<i class=\"crycon-right-dir\"><\/i><\/a><\/p>\n","protected":false},"author":1,"featured_media":281,"parent":0,"menu_order":30,"comment_status":"closed","ping_status":"closed","template":"","meta":[],"_links":{"self":[{"href":"https:\/\/www.weissensteintunnel.ch\/de\/wp-json\/wp\/v2\/pages\/15"}],"collection":[{"href":"https:\/\/www.weissensteintunnel.ch\/de\/wp-json\/wp\/v2\/pages"}],"about":[{"href":"https:\/\/www.weissensteintunnel.ch\/de\/wp-json\/wp\/v2\/types\/page"}],"author":[{"embeddable":true,"href":"https:\/\/www.weissensteintunnel.ch\/de\/wp-json\/wp\/v2\/users\/1"}],"replies":[{"embeddable":true,"href":"https:\/\/www.weissensteintunnel.ch\/de\/wp-json\/wp\/v2\/comments?post=15"}],"version-history":[{"count":27,"href":"https:\/\/www.weissensteintunnel.ch\/de\/wp-json\/wp\/v2\/pages\/15\/revisions"}],"predecessor-version":[{"id":429,"href":"https:\/\/www.weissensteintunnel.ch\/de\/wp-json\/wp\/v2\/pages\/15\/revisions\/429"}],"wp:featuredmedia":[{"embeddable":true,"href":"https:\/\/www.weissensteintunnel.ch\/de\/wp-json\/wp\/v2\/media\/281"}],"wp:attachment":[{"href":"https:\/\/www.weissensteintunnel.ch\/de\/wp-json\/wp\/v2\/media?parent=15"}],"curies":[{"name":"wp","href":"https:\/\/api.w.org\/{rel}","templated":true}]}}